{"id":189,"date":"2026-03-23T06:56:30","date_gmt":"2026-03-23T06:56:30","guid":{"rendered":"https:\/\/kn.pomeraniandevelopment.pl\/?page_id=189"},"modified":"2026-03-23T06:56:31","modified_gmt":"2026-03-23T06:56:31","slug":"formularz","status":"publish","type":"page","link":"https:\/\/kn.pomeraniandevelopment.pl\/index.php\/formularz\/","title":{"rendered":"formularz"},"content":{"rendered":"\n<div  class=\"header-block rooster-block\">\n    <div class=\"header-container\">\n        \n        <div class=\"header-logo\">\n            <a href=\"https:\/\/kn.pomeraniandevelopment.pl\/\">\n                <img decoding=\"async\" class=\"logo-desktop\" src=\"http:\/\/kn.pomeraniandevelopment.pl\/wp-content\/uploads\/2026\/03\/logo-3.png\" alt=\"Kupimy Nieruchomo\u015bci w 24H Krak\u00f3w\" style=\"width: 182px; height: auto;\" \/>\n                <img decoding=\"async\" class=\"logo-mobile\" src=\"http:\/\/kn.pomeraniandevelopment.pl\/wp-content\/uploads\/2026\/03\/logo-mobile.png\" alt=\"Kupimy Nieruchomo\u015bci w 24H Krak\u00f3w\" \/>\n            <\/a>\n        <\/div>\n\n        <nav class=\"header-nav\">\n            <ul>\n                                    <li><a href=\"https:\/\/kn.pomeraniandevelopment.pl\/#oferta\">Oferta<\/a><\/li>\n                    <li><a href=\"https:\/\/kn.pomeraniandevelopment.pl\/#jak-to-dziala\">Jak to dzia\u0142a<\/a><\/li>\n                    <li><a href=\"https:\/\/kn.pomeraniandevelopment.pl\/#dla-kogo\">Dla kogo<\/a><\/li>\n                    <li><a href=\"https:\/\/kn.pomeraniandevelopment.pl\/#blogo\">Blog<\/a><\/li>\n                            <\/ul>\n        <\/nav>\n\n        <div class=\"header-cta\">\n            <a href=\"tel:+48797 90 90 70\" class=\"header-phone\">\n                <div class=\"phone-icon\">\n                    <img decoding=\"async\" src=\"http:\/\/kn.pomeraniandevelopment.pl\/wp-content\/uploads\/2026\/03\/i-phone-4.png\" alt=\"Zadzwo\u0144\" style=\"width: 28px; height: 28px; display: block;\" \/>\n                <\/div>\n                <span class=\"phone-number\">797 90 90 70<\/span>\n            <\/a>\n            \n            <a href=\"https:\/\/kn.pomeraniandevelopment.pl\/index.php\/formularz\/\" class=\"btn-form\">WYCE\u0143 W 60 SEKUND<\/a>\n        <\/div>\n\n        <button class=\"mobile-menu-toggle\" aria-label=\"Otw\u00f3rz menu\">\n            <svg width=\"34\" height=\"24\" viewBox=\"0 0 34 24\" fill=\"none\" xmlns=\"http:\/\/www.w3.org\/2000\/svg\">\n                <rect width=\"34\" height=\"3\" fill=\"#00459A\"\/>\n                <rect y=\"10\" width=\"34\" height=\"3\" fill=\"#00459A\"\/>\n                <rect y=\"20\" width=\"34\" height=\"3\" fill=\"#00459A\"\/>\n            <\/svg>\n        <\/button>\n\n    <\/div>\n<\/div>\n\n<div class=\"mobile-menu-overlay\">\n    <div class=\"mobile-menu-content\">\n        <button class=\"mobile-menu-close\" aria-label=\"Zamknij menu\">\n            <svg width=\"24\" height=\"24\" viewBox=\"0 0 24 24\" fill=\"none\" xmlns=\"http:\/\/www.w3.org\/2000\/svg\">\n                <path d=\"M18 6L6 18M6 6L18 18\" stroke=\"#FFFFFF\" stroke-width=\"2\" stroke-linecap=\"round\" stroke-linejoin=\"round\"\/>\n            <\/svg>\n        <\/button>\n\n     <nav class=\"mobile-nav-links\">\n            <ul>\n                                    <li><a href=\"https:\/\/kn.pomeraniandevelopment.pl\/#oferta\">Oferta<\/a><\/li>\n                    <li><a href=\"https:\/\/kn.pomeraniandevelopment.pl\/#jak-to-dziala\">Jak to dzia\u0142a<\/a><\/li>\n                    <li><a href=\"https:\/\/kn.pomeraniandevelopment.pl\/#dla-kogo\">Dla kogo<\/a><\/li>\n                    <li><a href=\"https:\/\/kn.pomeraniandevelopment.pl\/#blogo\">Blog<\/a><\/li>\n                            <\/ul>\n        <\/nav>\n\n        <div class=\"mobile-cta-bottom\">\n            <a href=\"https:\/\/kn.pomeraniandevelopment.pl\/index.php\/formularz\/\" class=\"btn-form\">WYCE\u0143 W 60 SEKUND<\/a>\n        <\/div>\n    <\/div>\n<\/div>\n\n<div class=\"bottom-sticky-bar-new\">\n    <div class=\"sticky-info-wrapper\">\n        <span class=\"sticky-lbl\">Masz pytania? <strong>Zadzwo\u0144<\/strong><\/span>\n        <a href=\"tel:+48797 725 518\" class=\"sticky-tel\">797 90 90 70\n    <\/div>\n    <a href=\"https:\/\/kn.pomeraniandevelopment.pl\/index.php\/formularz\/\" class=\"sticky-btn\">WYCE\u0143 W 60 SEKUND<\/a>\n<\/div>\n\n\n<script>\ndocument.addEventListener('DOMContentLoaded', function() {\n    const menuToggle = document.querySelector('.mobile-menu-toggle');\n    const menuClose = document.querySelector('.mobile-menu-close');\n    const mobileMenuOverlay = document.querySelector('.mobile-menu-overlay');\n    const mobileLinks = document.querySelectorAll('.mobile-nav-links a, .mobile-cta-bottom a');\n\n    \/\/ Otwieranie\n    if (menuToggle && mobileMenuOverlay) {\n        menuToggle.addEventListener('click', function(e) {\n            e.preventDefault();\n            mobileMenuOverlay.classList.add('open');\n            document.body.style.overflow = 'hidden'; \n        });\n    }\n\n    \/\/ Zamykanie przez X\n    if (menuClose && mobileMenuOverlay) {\n        menuClose.addEventListener('click', function(e) {\n            e.preventDefault();\n            mobileMenuOverlay.classList.remove('open');\n            document.body.style.overflow = ''; \n        });\n    }\n\n    \/\/ Zamykanie po klikni\u0119ciu w link w menu\n    mobileLinks.forEach(function(link) {\n        link.addEventListener('click', function() {\n            mobileMenuOverlay.classList.remove('open');\n            document.body.style.overflow = '';\n        });\n    });\n});\n<\/script>\n\n\n<div  class=\"form-block rooster-block\">\n    <div class=\"form-container\">\n        \n        <div class=\"form-header\">\n            <h2>Otrzymaj <strong>WYCEN\u0118 W 24H<\/strong><\/h2>\n            <p class=\"form-podtytul\">Wycena jest <strong>bezp\u0142atna i niezobowi\u0105zuj\u0105ca.<\/strong><\/p>\n            <p class=\"form-bezpieczenstwo\">Dane s\u0105 <strong>bezpieczne<\/strong> i wykorzystywane wy\u0142\u0105cznie w celu kontaktu.<\/p>\n        <\/div>\n\n        <div class=\"form-box\">\n            <h3 class=\"form-tytul-box\">Wype\u0142nij formularz:<\/h3>\n            \n            <div class=\"form-wtyczka\">\n                \n<div class=\"wpcf7 no-js\" id=\"wpcf7-f198-o1\" lang=\"pl-PL\" dir=\"ltr\" data-wpcf7-id=\"198\">\n<div class=\"screen-reader-response\"><p role=\"status\" aria-live=\"polite\" aria-atomic=\"true\"><\/p> <ul><\/ul><\/div>\n<form action=\"\/index.php\/wp-json\/wp\/v2\/pages\/189#wpcf7-f198-o1\" method=\"post\" class=\"wpcf7-form init\" aria-label=\"Formularz kontaktowy\" novalidate=\"novalidate\" data-status=\"init\">\n<fieldset class=\"hidden-fields-container\"><input type=\"hidden\" name=\"_wpcf7\" value=\"198\" \/><input type=\"hidden\" name=\"_wpcf7_version\" value=\"6.1.6\" \/><input type=\"hidden\" name=\"_wpcf7_locale\" value=\"pl_PL\" \/><input type=\"hidden\" name=\"_wpcf7_unit_tag\" value=\"wpcf7-f198-o1\" \/><input type=\"hidden\" name=\"_wpcf7_container_post\" value=\"0\" \/><input type=\"hidden\" name=\"_wpcf7_posted_data_hash\" value=\"\" \/>\n<\/fieldset>\n<div class=\"custom-form-grid\">\n\t<div class=\"form-row-2 align-top\">\n\t\t<div class=\"form-group\">\n\t\t\t<div class=\"form-label-bold\">\n\t\t\t\t<p>Wybierz typ nieruchomo\u015bci:\n\t\t\t\t<\/p>\n\t\t\t<\/div>\n\t\t\t<p><span class=\"wpcf7-form-control-wrap\" data-name=\"typ-nieruchomosci\"><span class=\"wpcf7-form-control wpcf7-radio\" id=\"typ-nieruchomosci\"><span class=\"wpcf7-list-item first\"><label><input type=\"radio\" name=\"typ-nieruchomosci\" value=\"Mieszkanie\" checked=\"checked\" \/><span class=\"wpcf7-list-item-label\">Mieszkanie<\/span><\/label><\/span><span class=\"wpcf7-list-item\"><label><input type=\"radio\" name=\"typ-nieruchomosci\" value=\"Dzia\u0142ka\" \/><span class=\"wpcf7-list-item-label\">Dzia\u0142ka<\/span><\/label><\/span><span class=\"wpcf7-list-item\"><label><input type=\"radio\" name=\"typ-nieruchomosci\" value=\"Dom\" \/><span class=\"wpcf7-list-item-label\">Dom<\/span><\/label><\/span><span class=\"wpcf7-list-item\"><label><input type=\"radio\" name=\"typ-nieruchomosci\" value=\"Lokal u\u017cytkowy\" \/><span class=\"wpcf7-list-item-label\">Lokal u\u017cytkowy<\/span><\/label><\/span><span class=\"wpcf7-list-item last\"><label><input type=\"radio\" name=\"typ-nieruchomosci\" value=\"Udzia\u0142\" \/><span class=\"wpcf7-list-item-label\">Udzia\u0142<\/span><\/label><\/span><\/span><\/span>\n\t\t\t<\/p>\n\t\t<\/div>\n\t\t<div class=\"form-group group-mieszkanie\">\n\t\t\t<div class=\"form-label-bold\">\n\t\t\t\t<p>Wybierz stan nieruchomo\u015bci:\n\t\t\t\t<\/p>\n\t\t\t<\/div>\n\t\t\t<p><span class=\"wpcf7-form-control-wrap\" data-name=\"stan-nieruchomosci\"><span class=\"wpcf7-form-control wpcf7-radio\"><span class=\"wpcf7-list-item first\"><label><input type=\"radio\" name=\"stan-nieruchomosci\" value=\"Do generalnego remontu\" checked=\"checked\" \/><span class=\"wpcf7-list-item-label\">Do generalnego remontu<\/span><\/label><\/span><span class=\"wpcf7-list-item\"><label><input type=\"radio\" name=\"stan-nieruchomosci\" value=\"Do od\u015bwie\u017cenia\" \/><span class=\"wpcf7-list-item-label\">Do od\u015bwie\u017cenia<\/span><\/label><\/span><span class=\"wpcf7-list-item\"><label><input type=\"radio\" name=\"stan-nieruchomosci\" value=\"Dobry\" \/><span class=\"wpcf7-list-item-label\">Dobry<\/span><\/label><\/span><span class=\"wpcf7-list-item\"><label><input type=\"radio\" name=\"stan-nieruchomosci\" value=\"Bardzo dobry\" \/><span class=\"wpcf7-list-item-label\">Bardzo dobry<\/span><\/label><\/span><span class=\"wpcf7-list-item last\"><label><input type=\"radio\" name=\"stan-nieruchomosci\" value=\"Stan deweloperski\" \/><span class=\"wpcf7-list-item-label\">Stan deweloperski<\/span><\/label><\/span><\/span><\/span>\n\t\t\t<\/p>\n\t\t<\/div>\n\t\t<div class=\"form-group group-dzialka\" style=\"display: none;\">\n\t\t\t<div class=\"form-label-bold\">\n\t\t\t\t<p>Wybierz rodzaj dzia\u0142ki:\n\t\t\t\t<\/p>\n\t\t\t<\/div>\n\t\t\t<p><span class=\"wpcf7-form-control-wrap\" data-name=\"rodzaj-dzialki\"><span class=\"wpcf7-form-control wpcf7-radio\"><span class=\"wpcf7-list-item first\"><label><input type=\"radio\" name=\"rodzaj-dzialki\" value=\"Rolna\" checked=\"checked\" \/><span class=\"wpcf7-list-item-label\">Rolna<\/span><\/label><\/span><span class=\"wpcf7-list-item last\"><label><input type=\"radio\" name=\"rodzaj-dzialki\" value=\"Budowlana\" \/><span class=\"wpcf7-list-item-label\">Budowlana<\/span><\/label><\/span><\/span><\/span>\n\t\t\t<\/p>\n\t\t\t<div class=\"form-label-bold\" style=\"margin-top: 15px;\">\n\t\t\t\t<p>Wybierz typ dzia\u0142ki:\n\t\t\t\t<\/p>\n\t\t\t<\/div>\n\t\t\t<p><span class=\"wpcf7-form-control-wrap\" data-name=\"uzbrojenie-dzialki\"><span class=\"wpcf7-form-control wpcf7-radio\"><span class=\"wpcf7-list-item first\"><label><input type=\"radio\" name=\"uzbrojenie-dzialki\" value=\"Uzbrojona\" checked=\"checked\" \/><span class=\"wpcf7-list-item-label\">Uzbrojona<\/span><\/label><\/span><span class=\"wpcf7-list-item last\"><label><input type=\"radio\" name=\"uzbrojenie-dzialki\" value=\"Bez uzbrojenia\" \/><span class=\"wpcf7-list-item-label\">Bez uzbrojenia<\/span><\/label><\/span><\/span><\/span>\n\t\t\t<\/p>\n\t\t<\/div>\n\t<\/div>\n\t<div class=\"form-section-title mt-4\">\n\t\t<p>Dane nieruchomo\u015bci:\n\t\t<\/p>\n\t<\/div>\n\t<div class=\"form-row-2\">\n\t\t<div class=\"form-group\">\n\t\t\t<p><label>Miejscowo\u015b\u0107:<span class=\"red-star\">*<\/span><\/label><span class=\"wpcf7-form-control-wrap\" data-name=\"miejscowosc\"><input size=\"40\" maxlength=\"400\" class=\"wpcf7-form-control wpcf7-text wpcf7-validates-as-required\" aria-required=\"true\" aria-invalid=\"false\" value=\"\" type=\"text\" name=\"miejscowosc\" \/><\/span>\n\t\t\t<\/p>\n\t\t<\/div>\n\t\t<div class=\"form-group\">\n\t\t\t<p><label>Ulica i numer budynku:<span class=\"red-star\">*<\/span><\/label><span class=\"wpcf7-form-control-wrap\" data-name=\"ulica\"><input size=\"40\" maxlength=\"400\" class=\"wpcf7-form-control wpcf7-text wpcf7-validates-as-required\" aria-required=\"true\" aria-invalid=\"false\" value=\"\" type=\"text\" name=\"ulica\" \/><\/span>\n\t\t\t<\/p>\n\t\t<\/div>\n\t<\/div>\n\t<div class=\"form-row-2 align-bottom\">\n\t\t<div class=\"form-row-3-small\">\n\t\t\t<div class=\"form-group\">\n\t\t\t\t<p><label>Metra\u017c (m\u00b2):<span class=\"red-star\">*<\/span><\/label><span class=\"wpcf7-form-control-wrap\" data-name=\"metraz\"><input size=\"40\" maxlength=\"400\" class=\"wpcf7-form-control wpcf7-text wpcf7-validates-as-required\" aria-required=\"true\" aria-invalid=\"false\" value=\"\" type=\"text\" name=\"metraz\" \/><\/span>\n\t\t\t\t<\/p>\n\t\t\t<\/div>\n\t\t\t<div class=\"form-group group-mieszkanie\">\n\t\t\t\t<p><label>Pi\u0119tro:<\/label><span class=\"wpcf7-form-control-wrap\" data-name=\"pietro\"><input size=\"40\" maxlength=\"400\" class=\"wpcf7-form-control wpcf7-text\" aria-invalid=\"false\" value=\"\" type=\"text\" name=\"pietro\" \/><\/span>\n\t\t\t\t<\/p>\n\t\t\t<\/div>\n\t\t\t<div class=\"form-group group-mieszkanie\">\n\t\t\t\t<p><label>Liczba pokoi:<\/label><span class=\"wpcf7-form-control-wrap\" data-name=\"pokoje\"><input size=\"40\" maxlength=\"400\" class=\"wpcf7-form-control wpcf7-text\" aria-invalid=\"false\" value=\"\" type=\"text\" name=\"pokoje\" \/><\/span>\n\t\t\t\t<\/p>\n\t\t\t<\/div>\n\t\t<\/div>\n\t\t<div class=\"form-group\">\n\t\t\t<p><label>Oczekiwana cena (z\u0142):<span class=\"red-star\">*<\/span><\/label><span class=\"wpcf7-form-control-wrap\" data-name=\"cena\"><input size=\"40\" maxlength=\"400\" class=\"wpcf7-form-control wpcf7-text wpcf7-validates-as-required\" aria-required=\"true\" aria-invalid=\"false\" value=\"\" type=\"text\" name=\"cena\" \/><\/span>\n\t\t\t<\/p>\n\t\t<\/div>\n\t<\/div>\n\t<div class=\"form-section-title mt-4\">\n\t\t<p>Dane kontaktowe:\n\t\t<\/p>\n\t<\/div>\n\t<div class=\"form-row-2\">\n\t\t<div class=\"form-group\">\n\t\t\t<p><label>Imi\u0119:<span class=\"red-star\">*<\/span><\/label><span class=\"wpcf7-form-control-wrap\" data-name=\"imie\"><input size=\"40\" maxlength=\"400\" class=\"wpcf7-form-control wpcf7-text wpcf7-validates-as-required\" aria-required=\"true\" aria-invalid=\"false\" value=\"\" type=\"text\" name=\"imie\" \/><\/span>\n\t\t\t<\/p>\n\t\t<\/div>\n\t\t<div class=\"form-group\">\n\t\t\t<p><label>E-mail:<span class=\"red-star\">*<\/span><\/label><span class=\"wpcf7-form-control-wrap\" data-name=\"email\"><input size=\"40\" maxlength=\"400\" class=\"wpcf7-form-control wpcf7-email wpcf7-validates-as-required wpcf7-text wpcf7-validates-as-email\" aria-required=\"true\" aria-invalid=\"false\" value=\"\" type=\"email\" name=\"email\" \/><\/span>\n\t\t\t<\/p>\n\t\t<\/div>\n\t<\/div>\n\t<div class=\"form-row-2\">\n\t\t<div class=\"form-group\">\n\t\t\t<p><label>Nazwisko:<span class=\"red-star\">*<\/span><\/label><span class=\"wpcf7-form-control-wrap\" data-name=\"nazwisko\"><input size=\"40\" maxlength=\"400\" class=\"wpcf7-form-control wpcf7-text wpcf7-validates-as-required\" aria-required=\"true\" aria-invalid=\"false\" value=\"\" type=\"text\" name=\"nazwisko\" \/><\/span>\n\t\t\t<\/p>\n\t\t<\/div>\n\t\t<div class=\"form-group\">\n\t\t\t<p><label>Telefon:<span class=\"red-star\">*<\/span><\/label><span class=\"wpcf7-form-control-wrap\" data-name=\"telefon\"><input size=\"40\" maxlength=\"400\" class=\"wpcf7-form-control wpcf7-tel wpcf7-validates-as-required wpcf7-text wpcf7-validates-as-tel\" aria-required=\"true\" aria-invalid=\"false\" value=\"\" type=\"tel\" name=\"telefon\" \/><\/span>\n\t\t\t<\/p>\n\t\t<\/div>\n\t<\/div>\n\t<div class=\"form-group\">\n\t\t<p><label>Kr\u00f3tki opis sytuacji:<span class=\"red-star\">*<\/span><\/label><br \/>\n<span class=\"wpcf7-form-control-wrap\" data-name=\"opis\"><textarea cols=\"40\" rows=\"4\" maxlength=\"2000\" class=\"wpcf7-form-control wpcf7-textarea wpcf7-validates-as-required\" aria-required=\"true\" aria-invalid=\"false\" name=\"opis\"><\/textarea><\/span>\n\t\t<\/p>\n\t<\/div>\n\t<div class=\"form-checkboxes\">\n\t\t<p><span class=\"wpcf7-form-control-wrap\" data-name=\"zgoda-1\"><span class=\"wpcf7-form-control wpcf7-acceptance\"><span class=\"wpcf7-list-item\"><label><input type=\"checkbox\" name=\"zgoda-1\" value=\"1\" aria-invalid=\"false\" \/><span class=\"wpcf7-list-item-label\">Korzystaj\u0105c z formularza zgadzasz si\u0119 na przechowywanie i przetwarzanie Twoich danych przez t\u0119 witryn\u0119. <a href=\"#\">Polityka prywatno\u015bci<\/a><\/span><\/label><\/span><\/span><\/span><br \/>\n<span class=\"wpcf7-form-control-wrap\" data-name=\"zgoda-2\"><span class=\"wpcf7-form-control wpcf7-acceptance\"><span class=\"wpcf7-list-item\"><label><input type=\"checkbox\" name=\"zgoda-2\" value=\"1\" aria-invalid=\"false\" \/><span class=\"wpcf7-list-item-label\">Korzystaj\u0105c z formularza zgadzasz si\u0119 na przechowywanie i przetwarzanie&#8230;<\/span><\/label><\/span><\/span><\/span>\n\t\t<\/p>\n\t<\/div>\n\t<div class=\"form-submit-wrapper\">\n\t\t<p><input class=\"wpcf7-form-control wpcf7-submit has-spinner\" type=\"submit\" value=\"WY\u015aLIJ ZG\u0141OSZENIE\" \/>\n\t\t<\/p>\n\t<\/div>\n<\/div>\n<p><script>\ndocument.addEventListener('DOMContentLoaded', function() {\n \/\/ \u0141apiemy wszystkie radia z wyborem typu\n const typeRadios = document.querySelectorAll('input[name=\"typ-nieruchomosci\"]');\n \n \/\/ \u0141apiemy kontenery, kt\u00f3re b\u0119dziemy chowa\u0107\/pokazywa\u0107\n const mieszkanieFields = document.querySelectorAll('.group-mieszkanie');\n const dzialkaFields = document.querySelectorAll('.group-dzialka');\n\n \/\/ Funkcja odpalana przy ka\u017cdej zmianie\n function toggleFormFields() {\n let selectedType = '';\n \n typeRadios.forEach(function(radio) {\n if (radio.checked) {\n selectedType = radio.value;\n }\n });\n\n if (selectedType === 'Dzia\u0142ka') {\n \/\/ Pokazujemy dzia\u0142k\u0119, ukrywamy mieszkanie\n dzialkaFields.forEach(field => field.style.display = 'block');\n mieszkanieFields.forEach(field => field.style.display = 'none');\n } else {\n \/\/ Pokazujemy mieszkanie (domy\u015blnie), ukrywamy dzia\u0142k\u0119\n dzialkaFields.forEach(field => field.style.display = 'none');\n mieszkanieFields.forEach(field => field.style.display = 'block');\n }\n }\n\n \/\/ Dodajemy \"nas\u0142uchiwanie\" klikni\u0119\u0107 dla ka\u017cdego radia\n typeRadios.forEach(function(radio) {\n radio.addEventListener('change', toggleFormFields);\n });\n\n \/\/ Odpalamy funkcj\u0119 na sam pocz\u0105tek (\u017ceby ustawi\u0107 domy\u015blny stan dla 'Mieszkanie')\n toggleFormFields();\n});\n<\/script>\n<\/p><div class=\"wpcf7-response-output\" aria-hidden=\"true\"><\/div>\n<\/form>\n<\/div>\n            <\/div>\n        <\/div>\n\n    <\/div>\n<\/div>\n\n\n<footer  class=\"footer-block rooster-block\">\n    \n    <div class=\"footer-main\">\n        <div class=\"footer-container\">\n            \n            <div class=\"footer-logo-box\">\n                <span class=\"logo-small\">KUPIMY<\/span>\n                <span class=\"logo-bold\">NIERUCHOMO\u015a\u0106 W 24 H<\/span>\n                <span class=\"logo-small\">KRAK\u00d3W<\/span>\n            <\/div>\n\n            <nav class=\"footer-nav\">\n                <ul>\n                                            <li><a href=\"https:\/\/kn.pomeraniandevelopment.pl\/#oferta\">Oferta<\/a><\/li>\n                        <li><a href=\"https:\/\/kn.pomeraniandevelopment.pl\/#jak-to-dziala\">Jak to dzia\u0142a<\/a><\/li>\n                        <li><a href=\"https:\/\/kn.pomeraniandevelopment.pl\/#dla-kogo\">Dla kogo<\/a><\/li>\n                        <li><a href=\"https:\/\/kn.pomeraniandevelopment.pl\/index.php\/blog\/\">Blog<\/a><\/li>\n                                    <\/ul>\n            <\/nav>\n        <\/div>\n    <\/div>\n\n    <div class=\"footer-bottom\">\n        <div class=\"footer-container\">\n            <p>\u00a9 2026. Wszelkie prawa zastrze\u017cone.<\/p>\n        <\/div>\n    <\/div>\n\n<\/footer>","protected":false},"excerpt":{"rendered":"","protected":false},"author":1,"featured_media":0,"parent":0,"menu_order":0,"comment_status":"closed","ping_status":"closed","template":"","meta":{"footnotes":""},"class_list":["post-189","page","type-page","status-publish","hentry"],"acf":[],"_links":{"self":[{"href":"https:\/\/kn.pomeraniandevelopment.pl\/index.php\/wp-json\/wp\/v2\/pages\/189","targetHints":{"allow":["GET"]}}],"collection":[{"href":"https:\/\/kn.pomeraniandevelopment.pl\/index.php\/wp-json\/wp\/v2\/pages"}],"about":[{"href":"https:\/\/kn.pomeraniandevelopment.pl\/index.php\/wp-json\/wp\/v2\/types\/page"}],"author":[{"embeddable":true,"href":"https:\/\/kn.pomeraniandevelopment.pl\/index.php\/wp-json\/wp\/v2\/users\/1"}],"replies":[{"embeddable":true,"href":"https:\/\/kn.pomeraniandevelopment.pl\/index.php\/wp-json\/wp\/v2\/comments?post=189"}],"version-history":[{"count":12,"href":"https:\/\/kn.pomeraniandevelopment.pl\/index.php\/wp-json\/wp\/v2\/pages\/189\/revisions"}],"predecessor-version":[{"id":240,"href":"https:\/\/kn.pomeraniandevelopment.pl\/index.php\/wp-json\/wp\/v2\/pages\/189\/revisions\/240"}],"wp:attachment":[{"href":"https:\/\/kn.pomeraniandevelopment.pl\/index.php\/wp-json\/wp\/v2\/media?parent=189"}],"curies":[{"name":"wp","href":"https:\/\/api.w.org\/{rel}","templated":true}]}}